{"id":217,"date":"2026-01-01T10:10:22","date_gmt":"2026-01-01T10:10:22","guid":{"rendered":"http:\/\/aeroson.com\/?page_id=217"},"modified":"2026-01-06T10:54:55","modified_gmt":"2026-01-06T10:54:55","slug":"aeroson-estudio-de-grabacion-inmersivo","status":"publish","type":"page","link":"http:\/\/aeroson.com\/?page_id=217","title":{"rendered":"Lleva tu m\u00fasica a una nueva dimensi\u00f3n con Dolby Atmos."},"content":{"rendered":"<h2 class=\"has-text-align-center has-link-color wp-elements-a027a44df914a29b9b71ef7eb710df93 wp-block-post-title has-text-color has-palette-color-2-color\">Lleva tu m\u00fasica a una nueva dimensi\u00f3n con Dolby Atmos.<\/h2>\n\n\n<p class=\"has-text-align-center has-medium-font-size\">El audio espacial con <strong>Dolby Atmos<\/strong> no es solo una tendencia, es la evoluci\u00f3n de c\u00f3mo experimentamos el sonido.<br>Ya no se trata de izquierda o derecha, sino de sumergir al oyente en una atm\u00f3sfera tridimensional.<br><br> En <strong><mark style=\"background-color:rgba(0, 0, 0, 0)\" class=\"has-inline-color has-palette-color-1-color\">Aeros\u00f3n<\/mark><\/strong> te ofrecemos la opci\u00f3n de convertir tu m\u00fasica con nuestro sistema de mezcla <strong><mark style=\"background-color:rgba(0, 0, 0, 0)\" class=\"has-inline-color has-palette-color-1-color\">Dolby Atmos 7.1.4 <\/mark><\/strong>(certificado Dolby en tr\u00e1mite).<\/p>\n\n\n\n<div class=\"wp-block-columns has-palette-color-6-background-color has-background is-layout-flex wp-container-core-columns-is-layout-28f84493 wp-block-columns-is-layout-flex\">\n<div class=\"wp-block-column is-layout-flow wp-block-column-is-layout-flow\">\n<!DOCTYPE html>\n<html>\n<head>\n<style>\n  body {\n    color: white;           \/* Texto blanco para que resalte *\/\n    display: flex;\n    justify-content: center;\n    align-items: center;\n    min-height: 100vh;      \/* Centra verticalmente en la pantalla *\/\n    margin: 0;\n    font-family: sans-serif;\n  }\n\n  .contenedor-atmos {\n    text-align: center;     \/* Centra el texto y el icono *\/\n    max-width: 400px;       \/* Evita que el texto se estire demasiado *\/\n    padding: 20px;\n  }\n\n  .atmos-icon {\n    font-size: 3rem;        \/* Hace el emoji m\u00e1s grande *\/\n    display: block;\n    margin-bottom: 10px;\n  }\n<\/style>\n<\/head>\n<body>\n\n<div class=\"contenedor-atmos\">\n  <span class=\"atmos-icon\">\ud83c\udfa7<\/span>\n  <h3>Experiencia Inmersiva<\/h3>\n  <p>Permite que cada instrumento tenga su propio espacio, altura y profundidad, creando una claridad sin precedentes.<\/p>\n<\/div>\n\n<\/body>\n<\/html>\n<\/div>\n\n\n\n<div class=\"wp-block-column is-layout-flow wp-block-column-is-layout-flow\">\n<!DOCTYPE html>\n<html>\n<head>\n<style>\n  body {\n    color: white;           \/* Texto blanco para que resalte *\/\n    display: flex;\n    justify-content: center;\n    align-items: center;\n    min-height: 100vh;      \/* Centra verticalmente en la pantalla *\/\n    margin: 0;\n    font-family: sans-serif;\n  }\n\n  .contenedor-atmos {\n    text-align: center;     \/* Centra el texto y el icono *\/\n    max-width: 400px;       \/* Evita que el texto se estire demasiado *\/\n    padding: 20px;\n  }\n\n  .atmos-icon {\n    font-size: 3rem;        \/* Hace el emoji m\u00e1s grande *\/\n    display: block;\n    margin-bottom: 10px;\n  }\n<\/style>\n<\/head>\n<body>\n\n<div class=\"contenedor-atmos\">\n  <span class=\"atmos-icon\">\ud83d\ude80<\/span>\n  <h3> Posicionamiento en Plataformas <\/h3>\n  <p>Apple Music, Tidal y Amazon Music priorizan el contenido en Atmos, d\u00e1ndote mayor visibilidad en sus playlists.<\/p>\n<\/div>\n\n<\/body>\n<\/html>\n<\/div>\n\n\n\n<div class=\"wp-block-column is-layout-flow wp-block-column-is-layout-flow\">\n<!DOCTYPE html>\n<html>\n<head>\n<style>\n  body {\n    color: white;           \/* Texto blanco para que resalte *\/\n    display: flex;\n    justify-content: center;\n    align-items: center;\n    min-height: 100vh;      \/* Centra verticalmente en la pantalla *\/\n    margin: 0;\n    font-family: sans-serif;\n  }\n\n  .contenedor-atmos {\n    text-align: center;     \/* Centra el texto y el icono *\/\n    max-width: 400px;       \/* Evita que el texto se estire demasiado *\/\n    padding: 20px;\n  }\n\n  .atmos-icon {\n    font-size: 3rem;        \/* Hace el emoji m\u00e1s grande *\/\n    display: block;\n    margin-bottom: 10px;\n  }\n<\/style>\n<\/head>\n<body>\n\n<div class=\"contenedor-atmos\">\n  <span class=\"atmos-icon\">\ud83d\udc8e<\/span>\n  <h3> Calidad de Futuro <\/h3>\n  <p> Publicar en Atmos asegura que tu m\u00fasica est\u00e9 lista para los est\u00e1ndares de reproducci\u00f3n de la pr\u00f3xima d\u00e9cada.<\/p>\n<\/div>\n\n<\/body>\n<\/html>\n<\/div>\n<\/div>\n\n\n\n<h2 class=\"wp-block-heading has-text-align-center has-large-font-size\">C\u00f3mo trabajamos:<\/h2>\n\n\n\n<div class=\"wp-block-columns is-layout-flex wp-container-core-columns-is-layout-28f84493 wp-block-columns-is-layout-flex\">\n<div class=\"wp-block-column has-palette-color-8-background-color has-background is-layout-flow wp-block-column-is-layout-flow\" style=\"border-width:2px;border-top-left-radius:30px;border-top-right-radius:30px;border-bottom-left-radius:30px;border-bottom-right-radius:30px;padding-top:var(--wp--preset--spacing--30);padding-right:var(--wp--preset--spacing--30);padding-bottom:var(--wp--preset--spacing--30);padding-left:var(--wp--preset--spacing--30)\">\n<p class=\"has-text-align-center has-palette-color-2-color has-text-color has-link-color has-large-font-size wp-elements-4bd9ebdf6aafcb3aba2b7d934530a9b2\"><strong>Haz tu solicitud<\/strong><\/p>\n\n\n\n<figure class=\"wp-block-image aligncenter size-full is-resized\"><img loading=\"lazy\" decoding=\"async\" width=\"161\" height=\"109\" src=\"http:\/\/aeroson.com\/wp-content\/uploads\/2026\/01\/Picto-personas.png\" alt=\"\" class=\"wp-image-301\" style=\"width:auto;height:54px\"\/><\/figure>\n\n\n\n<p>Contacta con nosotros tanto si eres un estudio tradicional, productor o m\u00fasico a trav\u00e9s del formulario de contacto.<\/p>\n<\/div>\n\n\n\n<div class=\"wp-block-column has-palette-color-8-background-color has-background is-layout-flow wp-block-column-is-layout-flow\" style=\"border-width:2px;border-top-left-radius:30px;border-top-right-radius:30px;border-bottom-left-radius:30px;border-bottom-right-radius:30px;padding-top:var(--wp--preset--spacing--30);padding-right:var(--wp--preset--spacing--30);padding-bottom:var(--wp--preset--spacing--30);padding-left:var(--wp--preset--spacing--30)\">\n<p class=\"has-text-align-center has-palette-color-2-color has-text-color has-link-color has-large-font-size wp-elements-cf721c407d2a2efe71cced4b2a2cc2cb\"><strong>Env\u00eda tus pistas<\/strong><\/p>\n\n\n\n<figure class=\"wp-block-image aligncenter size-full is-resized\"><img loading=\"lazy\" decoding=\"async\" width=\"150\" height=\"141\" src=\"http:\/\/aeroson.com\/wp-content\/uploads\/2026\/01\/Picto-wave.png\" alt=\"\" class=\"wp-image-303\" style=\"width:auto;height:54px\"\/><\/figure>\n\n\n\n<p class=\"has-text-align-center\">Env\u00edanos tus pistas (o STEMS) seg\u00fan el medio establecido. Si tienes dudas sobre el proceso, te ayudamos.<\/p>\n<\/div>\n\n\n\n<div class=\"wp-block-column has-palette-color-8-background-color has-background is-layout-flow wp-block-column-is-layout-flow\" style=\"border-width:2px;border-top-left-radius:30px;border-top-right-radius:30px;border-bottom-left-radius:30px;border-bottom-right-radius:30px;padding-top:var(--wp--preset--spacing--30);padding-right:var(--wp--preset--spacing--30);padding-bottom:var(--wp--preset--spacing--30);padding-left:var(--wp--preset--spacing--30)\">\n<p class=\"has-text-align-center has-palette-color-2-color has-text-color has-link-color has-large-font-size wp-elements-8ed4b37e5e75e5b25efd22fbc9a3a524\"><strong>Entrega<\/strong><\/p>\n\n\n\n<figure class=\"wp-block-image aligncenter size-full is-resized\"><img loading=\"lazy\" decoding=\"async\" width=\"79\" height=\"73\" src=\"http:\/\/aeroson.com\/wp-content\/uploads\/2026\/01\/Descarga.png\" alt=\"\" class=\"wp-image-304\" style=\"width:auto;height:54px\"\/><\/figure>\n\n\n\n<p class=\"has-text-align-center\">Recibir\u00e1s una mezcla binaural y un archivo <strong>ADM BWF<\/strong> listo para su env\u00edo a las plataformas de distribuci\u00f3n Dolby Atmos.<\/p>\n<\/div>\n<\/div>\n\n\n\n<div class=\"wp-block-group alignfull has-palette-color-1-background-color has-text-color has-background is-layout-flow wp-block-group-is-layout-flow\" style=\"color:#000000\">\n<p class=\"has-text-align-center has-palette-color-3-color has-text-color has-link-color has-x-large-font-size wp-elements-123552c0fca5d987092e15d71aec1204\" id=\"schedule-a-visit\" style=\"margin-top:0;margin-right:0;margin-bottom:0;margin-left:0\"><strong>Garant\u00eda de satisfacci\u00f3n.<\/strong><\/p>\n\n\n\n<p class=\"has-text-align-center has-medium-font-size\" style=\"margin-right:var(--wp--preset--spacing--80);margin-left:var(--wp--preset--spacing--80);line-height:1.5\">En cuanto tengamos tus canciones en Atmos te enviaremos 30 segundos de cada una y, solo cuando est\u00e9s satisfecho, tendr\u00e1s que pagarnos.<br>Adem\u00e1s, debido a la inauguraci\u00f3n del <strong>Aeros\u00f3n Immersive Audio<\/strong>, durante un periodo indefinido, solo te cobraremos el 50% de la tarifa.<\/p>\n\n\n\n<p class=\"has-text-align-center has-large-font-size\" style=\"margin-right:var(--wp--preset--spacing--80);margin-left:var(--wp--preset--spacing--80);line-height:0\"><strong>\u00a1Es un regalo!<\/strong><\/p>\n\n\n\n<div class=\"wp-block-buttons is-horizontal is-content-justification-center is-layout-flex wp-container-core-buttons-is-layout-5ea44279 wp-block-buttons-is-layout-flex\">\n<div class=\"wp-block-button has-custom-width wp-block-button__width-50 is-style-fill\"><a class=\"wp-block-button__link has-palette-color-8-color has-palette-color-3-background-color has-text-color has-background has-custom-font-size wp-element-button\" href=\"http:\/\/aeroson.com\/?page_id=217\" style=\"border-style:none;border-width:0px;border-top-left-radius:18px;border-top-right-radius:18px;border-bottom-left-radius:18px;border-bottom-right-radius:18px;padding-top:0;padding-right:0;padding-bottom:0;padding-left:0;font-size:clamp(23.043px, 1.44rem + ((1vw - 3.2px) * 1.169), 38px);\"><strong>ENVIANOS TUS PISTAS<\/strong><\/a><\/div>\n<\/div>\n<\/div>\n\n\n\n<p><\/p>\n","protected":false},"excerpt":{"rendered":"<p>El audio espacial con Dolby Atmos no es solo una tendencia, es la evoluci\u00f3n de c\u00f3mo experimentamos el sonido.Ya no se trata de izquierda o derecha, sino de sumergir al oyente en una atm\u00f3sfera tridimensional. En Aeros\u00f3n te ofrecemos la opci\u00f3n de convertir tu m\u00fasica con nuestro sistema de mezcla Dolby Atmos 7.1.4 (certificado Dolby [&hellip;]<\/p>\n","protected":false},"author":1,"featured_media":0,"parent":0,"menu_order":0,"comment_status":"closed","ping_status":"closed","template":"","meta":{"footnotes":""},"class_list":["post-217","page","type-page","status-publish","hentry"],"blocksy_meta":[],"_links":{"self":[{"href":"http:\/\/aeroson.com\/index.php?rest_route=\/wp\/v2\/pages\/217","targetHints":{"allow":["GET"]}}],"collection":[{"href":"http:\/\/aeroson.com\/index.php?rest_route=\/wp\/v2\/pages"}],"about":[{"href":"http:\/\/aeroson.com\/index.php?rest_route=\/wp\/v2\/types\/page"}],"author":[{"embeddable":true,"href":"http:\/\/aeroson.com\/index.php?rest_route=\/wp\/v2\/users\/1"}],"replies":[{"embeddable":true,"href":"http:\/\/aeroson.com\/index.php?rest_route=%2Fwp%2Fv2%2Fcomments&post=217"}],"version-history":[{"count":39,"href":"http:\/\/aeroson.com\/index.php?rest_route=\/wp\/v2\/pages\/217\/revisions"}],"predecessor-version":[{"id":313,"href":"http:\/\/aeroson.com\/index.php?rest_route=\/wp\/v2\/pages\/217\/revisions\/313"}],"wp:attachment":[{"href":"http:\/\/aeroson.com\/index.php?rest_route=%2Fwp%2Fv2%2Fmedia&parent=217"}],"curies":[{"name":"wp","href":"https:\/\/api.w.org\/{rel}","templated":true}]}}